{"id":5698,"date":"2020-03-14T11:04:05","date_gmt":"2020-03-14T11:04:05","guid":{"rendered":"http:\/\/productdesign.polimi.it\/?page_id=5698"},"modified":"2020-08-19T14:42:18","modified_gmt":"2020-08-19T14:42:18","slug":"miniso","status":"publish","type":"page","link":"https:\/\/productdesign.polimi.it\/it\/laurea-triennale\/portfolio\/miniso\/","title":{"rendered":"Miniso"},"content":{"rendered":"<p>[vc_row type=&#8221;full_width_background&#8221; full_screen_row_position=&#8221;middle&#8221; column_margin=&#8221;default&#8221; column_direction=&#8221;default&#8221; column_direction_tablet=&#8221;default&#8221; column_direction_phone=&#8221;default&#8221; scene_position=&#8221;center&#8221; top_padding=&#8221;40&#8243; bottom_padding=&#8221;40&#8243; text_color=&#8221;dark&#8221; text_align=&#8221;left&#8221; row_border_radius=&#8221;none&#8221; row_border_radius_applies=&#8221;bg&#8221; overlay_strength=&#8221;0.3&#8243; gradient_direction=&#8221;left_to_right&#8221; shape_divider_position=&#8221;bottom&#8221; bg_image_animation=&#8221;none&#8221;][vc_column column_padding=&#8221;no-extra-padding&#8221; column_padding_tablet=&#8221;inherit&#8221; column_padding_phone=&#8221;inherit&#8221; column_padding_position=&#8221;all&#8221; background_color_opacity=&#8221;1&#8243; background_hover_color_opacity=&#8221;1&#8243; column_shadow=&#8221;none&#8221; column_border_radius=&#8221;none&#8221; column_link_target=&#8221;_self&#8221; gradient_direction=&#8221;left_to_right&#8221; overlay_strength=&#8221;0.3&#8243; width=&#8221;1\/4&#8243; tablet_width_inherit=&#8221;default&#8221; tablet_text_alignment=&#8221;default&#8221; phone_text_alignment=&#8221;default&#8221; column_border_width=&#8221;none&#8221; column_border_style=&#8221;solid&#8221; bg_image_animation=&#8221;none&#8221;][vc_column_text css=&#8221;.vc_custom_1584182105308{margin-bottom: 20px !important;}&#8221;]<\/p>\n<h4>Azienda<\/h4>\n<h4><a href=\"https:\/\/www.miniso.com\/\"><img decoding=\"async\" class=\"alignnone wp-image-5700 lazyload\" data-src=\"http:\/\/productdesign.polimi.it\/wp-content\/uploads\/2020\/03\/logo-300x300.jpg\" alt=\"\" width=\"115\" height=\"115\" data-srcset=\"https:\/\/productdesign.polimi.it\/wp-content\/uploads\/2020\/03\/logo-300x300.jpg 300w, https:\/\/productdesign.polimi.it\/wp-content\/uploads\/2020\/03\/logo-150x150.jpg 150w, https:\/\/productdesign.polimi.it\/wp-content\/uploads\/2020\/03\/logo-768x768.jpg 768w, https:\/\/productdesign.polimi.it\/wp-content\/uploads\/2020\/03\/logo-1024x1024.jpg 1024w, https:\/\/productdesign.polimi.it\/wp-content\/uploads\/2020\/03\/logo-100x100.jpg 100w, https:\/\/productdesign.polimi.it\/wp-content\/uploads\/2020\/03\/logo-500x500.jpg 500w, https:\/\/productdesign.polimi.it\/wp-content\/uploads\/2020\/03\/logo-350x350.jpg 350w, https:\/\/productdesign.polimi.it\/wp-content\/uploads\/2020\/03\/logo-1000x1000.jpg 1000w, https:\/\/productdesign.polimi.it\/wp-content\/uploads\/2020\/03\/logo.jpg 1854w\" data-sizes=\"(max-width: 115px) 100vw, 115px\" src=\"data:image\/svg+xml;base64,PHN2ZyB3aWR0aD0iMSIgaGVpZ2h0PSIxIiB4bWxucz0iaHR0cDovL3d3dy53My5vcmcvMjAwMC9zdmciPjwvc3ZnPg==\" style=\"--smush-placeholder-width: 115px; --smush-placeholder-aspect-ratio: 115\/115;\" \/><\/a><\/h4>\n<h4>Anno Accademico<\/h4>\n<p>2019\/2020<\/p>\n<h4>Supervisione Politecnico<\/h4>\n<p>Manuela Celi<br \/>\nSimone Fanciullacci<\/p>\n<h4>Tutor<\/h4>\n<p>Ziyu Zhou<br \/>\nGaia Sciretti[\/vc_column_text][\/vc_column][vc_column column_padding=&#8221;no-extra-padding&#8221; column_padding_tablet=&#8221;inherit&#8221; column_padding_phone=&#8221;inherit&#8221; column_padding_position=&#8221;all&#8221; background_color_opacity=&#8221;1&#8243; background_hover_color_opacity=&#8221;1&#8243; column_shadow=&#8221;none&#8221; column_border_radius=&#8221;none&#8221; column_link_target=&#8221;_self&#8221; gradient_direction=&#8221;left_to_right&#8221; overlay_strength=&#8221;0.3&#8243; width=&#8221;3\/4&#8243; tablet_width_inherit=&#8221;default&#8221; tablet_text_alignment=&#8221;default&#8221; phone_text_alignment=&#8221;default&#8221; column_border_width=&#8221;none&#8221; column_border_style=&#8221;solid&#8221; bg_image_animation=&#8221;none&#8221;][vc_column_text css=&#8221;.vc_custom_1584182227366{margin-bottom: 40px !important;}&#8221;]<\/p>\n<div class=\"page\" title=\"Page 7\">\n<div class=\"layoutArea\">\n<div class=\"column\">\n<p>MINISO, un marchio di designer con sede in Giappone, \u00e8 stato co-fondato dal designer giapponese Miyake Junya e dal giovane imprenditore cinese Ye Guofu a Tokyo, Giappone, con il primo in qualit\u00e0 di capo designer. MINISO \u00e8 il promotore di &#8220;prodotti di consumo intelligenti&#8221; globali.<\/p>\n<p>Attenendosi alla filosofia di vita di &#8220;semplicit\u00e0, natura e buona qualit\u00e0&#8221; e alla proposta del marchio di &#8220;ritorno alla natura&#8221;, MINISO guadagna popolarit\u00e0 tra i consumatori con il suo marchio di base, che consiste nell&#8217;aggiornare i prodotti ogni sette giorni, nel fissare i prezzi ad un livello basso e nel rivolgersi alle catene di prodotti di consumo intelligenti. Stabilisce il trend del consumo intelligente personalizzato nel mercato di frontiera del consumo domestico.<\/p>\n<p>In collaborazione con Miniso, il workshop mira a sviluppare progetti di design conformi all&#8217;identit\u00e0 del marchio e al linguaggio del prodotto Miniso. Inoltre, promuove idee e proposte innovative secondo i modelli di produzione e di marketing di MINISO.<br \/>\nIl workshop \u00e8 durato 5 giorni dal 10 al 14 febbraio 2020 e la presentazione finale \u00e8 stata fissata al 17 luned\u00ec della settimana successiva. La struttura del workshop \u00e8 stata ben progettata sulla base della pre-ricerca e dell&#8217;analisi sui concorrenti attuali e sulle tendenze emergenti.<\/p>\n<p>I partecipanti sono incoraggiati a progettare partendo da quattro scenari:<br \/>\n1. difendersi da soli;<br \/>\n2. prendersi cura di se stessi;<br \/>\n3. salvare il mondo;<br \/>\n4. godersi le cose intorno a s\u00e9.<\/p>\n<p>Attraverso brainstorming, concept design e revisione, sono stati generati 16 progetti eccellenti.<br \/>\nI partecipanti erano studenti del terzo anno di design del prodotto al Politecnico di Milano.<\/p>\n<\/div>\n<\/div>\n<\/div>\n<p>[\/vc_column_text][\/vc_column][\/vc_row][vc_row type=&#8221;full_width_background&#8221; full_screen_row_position=&#8221;middle&#8221; column_margin=&#8221;default&#8221; column_direction=&#8221;default&#8221; column_direction_tablet=&#8221;default&#8221; column_direction_phone=&#8221;default&#8221; bg_color=&#8221;#f5f5f5&#8243; scene_position=&#8221;center&#8221; top_padding=&#8221;40&#8243; bottom_padding=&#8221;40&#8243; text_color=&#8221;dark&#8221; text_align=&#8221;left&#8221; row_border_radius=&#8221;none&#8221; row_border_radius_applies=&#8221;bg&#8221; overlay_strength=&#8221;0.3&#8243; gradient_direction=&#8221;left_to_right&#8221; shape_divider_position=&#8221;bottom&#8221; bg_image_animation=&#8221;none&#8221;][vc_column column_padding=&#8221;no-extra-padding&#8221; column_padding_tablet=&#8221;inherit&#8221; column_padding_phone=&#8221;inherit&#8221; column_padding_position=&#8221;all&#8221; centered_text=&#8221;true&#8221; background_color_opacity=&#8221;1&#8243; background_hover_color_opacity=&#8221;1&#8243; column_shadow=&#8221;none&#8221; column_border_radius=&#8221;none&#8221; column_link_target=&#8221;_self&#8221; gradient_direction=&#8221;left_to_right&#8221; overlay_strength=&#8221;0.3&#8243; width=&#8221;1\/6&#8243; tablet_width_inherit=&#8221;default&#8221; tablet_text_alignment=&#8221;default&#8221; phone_text_alignment=&#8221;default&#8221; column_border_width=&#8221;none&#8221; column_border_style=&#8221;solid&#8221; bg_image_animation=&#8221;none&#8221;][\/vc_column][vc_column column_padding=&#8221;no-extra-padding&#8221; column_padding_tablet=&#8221;inherit&#8221; column_padding_phone=&#8221;inherit&#8221; column_padding_position=&#8221;all&#8221; background_color_opacity=&#8221;1&#8243; background_hover_color_opacity=&#8221;1&#8243; column_shadow=&#8221;none&#8221; column_border_radius=&#8221;none&#8221; column_link_target=&#8221;_self&#8221; gradient_direction=&#8221;left_to_right&#8221; overlay_strength=&#8221;0.3&#8243; width=&#8221;2\/3&#8243; tablet_width_inherit=&#8221;default&#8221; tablet_text_alignment=&#8221;default&#8221; phone_text_alignment=&#8221;default&#8221; column_border_width=&#8221;none&#8221; column_border_style=&#8221;solid&#8221; bg_image_animation=&#8221;none&#8221;][vc_column_text]<\/p>\n<h2 style=\"text-align: center;\">Gallery<\/h2>\n<p>[\/vc_column_text][vc_gallery type=&#8221;flickity_style&#8221; images=&#8221;5701,5702,5703,5704,5705&#8243; flickity_spacing=&#8221;default&#8221; flickity_controls=&#8221;pagination&#8221; flickity_overflow=&#8221;hidden&#8221; flickity_wrap_around=&#8221;wrap&#8221; flickity_desktop_columns=&#8221;1&#8243; flickity_small_desktop_columns=&#8221;1&#8243; flickity_tablet_columns=&#8221;1&#8243; flickity_autoplay=&#8221;true&#8221; flickity_box_shadow=&#8221;none&#8221; image_loading=&#8221;default&#8221; onclick=&#8221;link_image&#8221;][vc_column_text]<\/p>\n<h2 style=\"text-align: center;\">Progetti<\/h2>\n<p>[\/vc_column_text][vc_gallery type=&#8221;flickity_style&#8221; images=&#8221;5706,5707,5708,5709,5710,5711&#8243; flickity_spacing=&#8221;default&#8221; flickity_controls=&#8221;pagination&#8221; flickity_overflow=&#8221;hidden&#8221; flickity_wrap_around=&#8221;wrap&#8221; flickity_desktop_columns=&#8221;1&#8243; flickity_small_desktop_columns=&#8221;1&#8243; flickity_tablet_columns=&#8221;1&#8243; flickity_autoplay=&#8221;true&#8221; flickity_box_shadow=&#8221;none&#8221; image_loading=&#8221;default&#8221; onclick=&#8221;link_image&#8221;][\/vc_column][vc_column column_padding=&#8221;no-extra-padding&#8221; column_padding_tablet=&#8221;inherit&#8221; column_padding_phone=&#8221;inherit&#8221; column_padding_position=&#8221;all&#8221; background_color_opacity=&#8221;1&#8243; background_hover_color_opacity=&#8221;1&#8243; column_shadow=&#8221;none&#8221; column_border_radius=&#8221;none&#8221; column_link_target=&#8221;_self&#8221; gradient_direction=&#8221;left_to_right&#8221; overlay_strength=&#8221;0.3&#8243; width=&#8221;1\/6&#8243; tablet_width_inherit=&#8221;default&#8221; tablet_text_alignment=&#8221;default&#8221; phone_text_alignment=&#8221;default&#8221; column_border_width=&#8221;none&#8221; column_border_style=&#8221;solid&#8221; bg_image_animation=&#8221;none&#8221;][\/vc_column][\/vc_row][vc_row type=&#8221;in_container&#8221; full_screen_row_position=&#8221;middle&#8221; column_margin=&#8221;default&#8221; column_direction=&#8221;default&#8221; column_direction_tablet=&#8221;default&#8221; column_direction_phone=&#8221;default&#8221; scene_position=&#8221;center&#8221; top_padding=&#8221;40&#8243; text_color=&#8221;dark&#8221; text_align=&#8221;left&#8221; row_border_radius=&#8221;none&#8221; row_border_radius_applies=&#8221;bg&#8221; overlay_strength=&#8221;0.3&#8243; gradient_direction=&#8221;left_to_right&#8221; shape_divider_position=&#8221;bottom&#8221; bg_image_animation=&#8221;none&#8221;][vc_column column_padding=&#8221;no-extra-padding&#8221; column_padding_tablet=&#8221;inherit&#8221; column_padding_phone=&#8221;inherit&#8221; column_padding_position=&#8221;all&#8221; background_color_opacity=&#8221;1&#8243; background_hover_color_opacity=&#8221;1&#8243; column_shadow=&#8221;none&#8221; column_border_radius=&#8221;none&#8221; column_link_target=&#8221;_self&#8221; gradient_direction=&#8221;left_to_right&#8221; overlay_strength=&#8221;0.3&#8243; width=&#8221;1\/1&#8243; tablet_width_inherit=&#8221;default&#8221; tablet_text_alignment=&#8221;default&#8221; phone_text_alignment=&#8221;default&#8221; column_border_width=&#8221;none&#8221; column_border_style=&#8221;solid&#8221; bg_image_animation=&#8221;none&#8221;][vc_column_text css=&#8221;.vc_custom_1500648346340{margin-bottom: 40px !important;}&#8221;]<\/p>\n<h2 style=\"text-align: center;\">Gli studenti<\/h2>\n<p>[\/vc_column_text][vc_column_text]<\/p>\n<div class=\"page\" title=\"Page 2\">\n<div class=\"layoutArea\">\n<div class=\"column\">\n<p>Bergamin Elena, Cavaliere Fedele, Tibaldo Roberta, Benvenuti Marco, Ferrari Davide, Nidasi Camilla, Airoldi Anna, Cuoccio Clarissa, Empirio Ariele Francesca, Dalla Ricca Letizia, Lonfernini Jacopo, Mammana Davide, Bessega Elisa, Fontana Gloria, Lombardi Luca, Galbiati Francesca, Picotti Elena Maria, Gianni Isabella, Guaraldo Elena, De Amicis Camilla, Mammoliti Giulia, Priori Arianna, Leccisotti Virginia, Lombardi Emanuela Gein, Rinoldi Beatrice, Gaiga Costanza, Gulfo Vincenzo, Trabattoni Alessia, Bartucca Gianfranco, Palazzolo Hilary, Tremari Andrea Ettorina, Ceoloni Fabio, Pastori Chiara, Avenia Pietro Gabriel, Bondi Lisa, Frassine Matteo, Marsili Lucrezia, Pisani Eleonora, Cariga Leonardo, Carlucci Francesco, Chauhan Bhavya, Joshi Swareena Sameer, Mayank, Marzo Maria, Concetta Giorgia, Posada Polydorides Mijali.<\/p>\n<\/div>\n<\/div>\n<\/div>\n<p>[\/vc_column_text][\/vc_column][\/vc_row][vc_row type=&#8221;in_container&#8221; full_screen_row_position=&#8221;middle&#8221; column_margin=&#8221;default&#8221; column_direction=&#8221;default&#8221; column_direction_tablet=&#8221;default&#8221; column_direction_phone=&#8221;default&#8221; scene_position=&#8221;center&#8221; top_padding=&#8221;40&#8243; text_color=&#8221;dark&#8221; text_align=&#8221;center&#8221; row_border_radius=&#8221;none&#8221; row_border_radius_applies=&#8221;bg&#8221; overlay_strength=&#8221;0.3&#8243; gradient_direction=&#8221;left_to_right&#8221; shape_divider_position=&#8221;bottom&#8221; bg_image_animation=&#8221;none&#8221;][vc_column column_padding=&#8221;no-extra-padding&#8221; column_padding_tablet=&#8221;inherit&#8221; column_padding_phone=&#8221;inherit&#8221; column_padding_position=&#8221;all&#8221; background_color_opacity=&#8221;1&#8243; background_hover_color_opacity=&#8221;1&#8243; column_shadow=&#8221;none&#8221; column_border_radius=&#8221;none&#8221; column_link_target=&#8221;_self&#8221; gradient_direction=&#8221;left_to_right&#8221; overlay_strength=&#8221;0.3&#8243; width=&#8221;1\/1&#8243; tablet_width_inherit=&#8221;default&#8221; tablet_text_alignment=&#8221;default&#8221; phone_text_alignment=&#8221;default&#8221; column_border_width=&#8221;none&#8221; column_border_style=&#8221;solid&#8221; bg_image_animation=&#8221;none&#8221;][vc_column_text]<\/p>\n<h4><a href=\"http:\/\/productdesign.polimi.it\/laurea-triennale\/portfolio\/\">[icon color=&#8221;Accent-Color&#8221; size=&#8221;tiny&#8221; icon_size=&#8221;&#8221; image=&#8221;fa-long-arrow-left&#8221;] Torna al Portfolio<\/a><\/h4>\n<p>[\/vc_column_text][\/vc_column][\/vc_row]<\/p>\n","protected":false},"excerpt":{"rendered":"<p>[vc_row type=&#8221;full_width_background&#8221; full_screen_row_position=&#8221;middle&#8221; column_margin=&#8221;default&#8221; column_direction=&#8221;default&#8221; column_direction_tablet=&#8221;default&#8221; column_direction_phone=&#8221;default&#8221; scene_position=&#8221;center&#8221; top_padding=&#8221;40&#8243; bottom_padding=&#8221;40&#8243; text_color=&#8221;dark&#8221; text_align=&#8221;left&#8221; row_border_radius=&#8221;none&#8221; row_border_radius_applies=&#8221;bg&#8221; overlay_strength=&#8221;0.3&#8243; gradient_direction=&#8221;left_to_right&#8221; shape_divider_position=&#8221;bottom&#8221; bg_image_animation=&#8221;none&#8221;][vc_column column_padding=&#8221;no-extra-padding&#8221; column_padding_tablet=&#8221;inherit&#8221; column_padding_phone=&#8221;inherit&#8221; column_padding_position=&#8221;all&#8221; background_color_opacity=&#8221;1&#8243; background_hover_color_opacity=&#8221;1&#8243; column_shadow=&#8221;none&#8221; column_border_radius=&#8221;none&#8221; column_link_target=&#8221;_self&#8221; gradient_direction=&#8221;left_to_right&#8221; overlay_strength=&#8221;0.3&#8243; width=&#8221;1\/4&#8243; tablet_width_inherit=&#8221;default&#8221; tablet_text_alignment=&#8221;default&#8221; phone_text_alignment=&#8221;default&#8221; column_border_width=&#8221;none&#8221; column_border_style=&#8221;solid&#8221; bg_image_animation=&#8221;none&#8221;][vc_column_text css=&#8221;.vc_custom_1584182105308{margin-bottom: 20px !important;}&#8221;] Azienda Anno Accademico 2019\/2020 Supervisione Politecnico Manuela Celi Simone Fanciullacci Tutor Ziyu Zhou Gaia Sciretti[\/vc_column_text][\/vc_column][vc_column column_padding=&#8221;no-extra-padding&#8221; [&hellip;]<\/p>\n","protected":false},"author":9,"featured_media":0,"parent":122,"menu_order":0,"comment_status":"closed","ping_status":"closed","template":"","meta":{"polimi_quick_links":[],"pageTitleSection_supertitle":"","pageTitleSection_subtitle":"","footnotes":""},"class_list":["post-5698","page","type-page","status-publish","hentry"],"yoast_head":"<!-- This site is optimized with the Yoast SEO plugin v27.3 - https:\/\/yoast.com\/product\/yoast-seo-wordpress\/ -->\n<title>Miniso - BSc and MSc in Product Design<\/title>\n<meta name=\"description\" content=\"Medit: la tenda oltre la tenda.\" \/>\n<meta name=\"robots\" content=\"index, follow, max-snippet:-1, max-image-preview:large, max-video-preview:-1\" \/>\n<link rel=\"canonical\" href=\"https:\/\/productdesign.polimi.it\/it\/laurea-triennale\/portfolio\/miniso\/\" \/>\n<meta property=\"og:locale\" content=\"it_IT\" \/>\n<meta property=\"og:type\" content=\"article\" \/>\n<meta property=\"og:title\" content=\"Miniso - BSc and MSc in Product Design\" \/>\n<meta property=\"og:description\" content=\"Medit: la tenda oltre la tenda.\" \/>\n<meta property=\"og:url\" content=\"https:\/\/productdesign.polimi.it\/it\/laurea-triennale\/portfolio\/miniso\/\" \/>\n<meta property=\"og:site_name\" content=\"BSc and MSc in Product Design\" \/>\n<meta property=\"article:modified_time\" content=\"2020-08-19T14:42:18+00:00\" \/>\n<meta property=\"og:image\" content=\"http:\/\/productdesign.polimi.it\/wp-content\/uploads\/2020\/03\/logo-300x300.jpg\" \/>\n<meta name=\"twitter:card\" content=\"summary_large_image\" \/>\n<meta name=\"twitter:label1\" content=\"Tempo di lettura stimato\" \/>\n\t<meta name=\"twitter:data1\" content=\"6 minuti\" \/>\n<script type=\"application\/ld+json\" class=\"yoast-schema-graph\">{\"@context\":\"https:\\\/\\\/schema.org\",\"@graph\":[{\"@type\":\"WebPage\",\"@id\":\"https:\\\/\\\/productdesign.polimi.it\\\/it\\\/laurea-triennale\\\/portfolio\\\/miniso\\\/\",\"url\":\"https:\\\/\\\/productdesign.polimi.it\\\/it\\\/laurea-triennale\\\/portfolio\\\/miniso\\\/\",\"name\":\"Miniso - BSc and MSc in Product Design\",\"isPartOf\":{\"@id\":\"https:\\\/\\\/productdesign.polimi.it\\\/it\\\/#website\"},\"primaryImageOfPage\":{\"@id\":\"https:\\\/\\\/productdesign.polimi.it\\\/it\\\/laurea-triennale\\\/portfolio\\\/miniso\\\/#primaryimage\"},\"image\":{\"@id\":\"https:\\\/\\\/productdesign.polimi.it\\\/it\\\/laurea-triennale\\\/portfolio\\\/miniso\\\/#primaryimage\"},\"thumbnailUrl\":\"http:\\\/\\\/productdesign.polimi.it\\\/wp-content\\\/uploads\\\/2020\\\/03\\\/logo-300x300.jpg\",\"datePublished\":\"2020-03-14T11:04:05+00:00\",\"dateModified\":\"2020-08-19T14:42:18+00:00\",\"description\":\"Medit: la tenda oltre la tenda.\",\"breadcrumb\":{\"@id\":\"https:\\\/\\\/productdesign.polimi.it\\\/it\\\/laurea-triennale\\\/portfolio\\\/miniso\\\/#breadcrumb\"},\"inLanguage\":\"it-IT\",\"potentialAction\":[{\"@type\":\"ReadAction\",\"target\":[\"https:\\\/\\\/productdesign.polimi.it\\\/it\\\/laurea-triennale\\\/portfolio\\\/miniso\\\/\"]}]},{\"@type\":\"ImageObject\",\"inLanguage\":\"it-IT\",\"@id\":\"https:\\\/\\\/productdesign.polimi.it\\\/it\\\/laurea-triennale\\\/portfolio\\\/miniso\\\/#primaryimage\",\"url\":\"http:\\\/\\\/productdesign.polimi.it\\\/wp-content\\\/uploads\\\/2020\\\/03\\\/logo-300x300.jpg\",\"contentUrl\":\"http:\\\/\\\/productdesign.polimi.it\\\/wp-content\\\/uploads\\\/2020\\\/03\\\/logo-300x300.jpg\"},{\"@type\":\"BreadcrumbList\",\"@id\":\"https:\\\/\\\/productdesign.polimi.it\\\/it\\\/laurea-triennale\\\/portfolio\\\/miniso\\\/#breadcrumb\",\"itemListElement\":[{\"@type\":\"ListItem\",\"position\":1,\"name\":\"Home\",\"item\":\"https:\\\/\\\/productdesign.polimi.it\\\/it\\\/\"},{\"@type\":\"ListItem\",\"position\":2,\"name\":\"Laurea Triennale\",\"item\":\"https:\\\/\\\/productdesign.polimi.it\\\/it\\\/laurea-triennale\\\/\"},{\"@type\":\"ListItem\",\"position\":3,\"name\":\"Portfolio\",\"item\":\"https:\\\/\\\/productdesign.polimi.it\\\/it\\\/laurea-triennale\\\/portfolio\\\/\"},{\"@type\":\"ListItem\",\"position\":4,\"name\":\"Miniso\"}]},{\"@type\":\"WebSite\",\"@id\":\"https:\\\/\\\/productdesign.polimi.it\\\/it\\\/#website\",\"url\":\"https:\\\/\\\/productdesign.polimi.it\\\/it\\\/\",\"name\":\"BSc and MSc in Product Design\",\"description\":\"Politecnico di Milano\",\"potentialAction\":[{\"@type\":\"SearchAction\",\"target\":{\"@type\":\"EntryPoint\",\"urlTemplate\":\"https:\\\/\\\/productdesign.polimi.it\\\/it\\\/?s={search_term_string}\"},\"query-input\":{\"@type\":\"PropertyValueSpecification\",\"valueRequired\":true,\"valueName\":\"search_term_string\"}}],\"inLanguage\":\"it-IT\"}]}<\/script>\n<!-- \/ Yoast SEO plugin. -->","yoast_head_json":{"title":"Miniso - BSc and MSc in Product Design","description":"Medit: la tenda oltre la tenda.","robots":{"index":"index","follow":"follow","max-snippet":"max-snippet:-1","max-image-preview":"max-image-preview:large","max-video-preview":"max-video-preview:-1"},"canonical":"https:\/\/productdesign.polimi.it\/it\/laurea-triennale\/portfolio\/miniso\/","og_locale":"it_IT","og_type":"article","og_title":"Miniso - BSc and MSc in Product Design","og_description":"Medit: la tenda oltre la tenda.","og_url":"https:\/\/productdesign.polimi.it\/it\/laurea-triennale\/portfolio\/miniso\/","og_site_name":"BSc and MSc in Product Design","article_modified_time":"2020-08-19T14:42:18+00:00","og_image":[{"url":"http:\/\/productdesign.polimi.it\/wp-content\/uploads\/2020\/03\/logo-300x300.jpg","type":"","width":"","height":""}],"twitter_card":"summary_large_image","twitter_misc":{"Tempo di lettura stimato":"6 minuti"},"schema":{"@context":"https:\/\/schema.org","@graph":[{"@type":"WebPage","@id":"https:\/\/productdesign.polimi.it\/it\/laurea-triennale\/portfolio\/miniso\/","url":"https:\/\/productdesign.polimi.it\/it\/laurea-triennale\/portfolio\/miniso\/","name":"Miniso - BSc and MSc in Product Design","isPartOf":{"@id":"https:\/\/productdesign.polimi.it\/it\/#website"},"primaryImageOfPage":{"@id":"https:\/\/productdesign.polimi.it\/it\/laurea-triennale\/portfolio\/miniso\/#primaryimage"},"image":{"@id":"https:\/\/productdesign.polimi.it\/it\/laurea-triennale\/portfolio\/miniso\/#primaryimage"},"thumbnailUrl":"http:\/\/productdesign.polimi.it\/wp-content\/uploads\/2020\/03\/logo-300x300.jpg","datePublished":"2020-03-14T11:04:05+00:00","dateModified":"2020-08-19T14:42:18+00:00","description":"Medit: la tenda oltre la tenda.","breadcrumb":{"@id":"https:\/\/productdesign.polimi.it\/it\/laurea-triennale\/portfolio\/miniso\/#breadcrumb"},"inLanguage":"it-IT","potentialAction":[{"@type":"ReadAction","target":["https:\/\/productdesign.polimi.it\/it\/laurea-triennale\/portfolio\/miniso\/"]}]},{"@type":"ImageObject","inLanguage":"it-IT","@id":"https:\/\/productdesign.polimi.it\/it\/laurea-triennale\/portfolio\/miniso\/#primaryimage","url":"http:\/\/productdesign.polimi.it\/wp-content\/uploads\/2020\/03\/logo-300x300.jpg","contentUrl":"http:\/\/productdesign.polimi.it\/wp-content\/uploads\/2020\/03\/logo-300x300.jpg"},{"@type":"BreadcrumbList","@id":"https:\/\/productdesign.polimi.it\/it\/laurea-triennale\/portfolio\/miniso\/#breadcrumb","itemListElement":[{"@type":"ListItem","position":1,"name":"Home","item":"https:\/\/productdesign.polimi.it\/it\/"},{"@type":"ListItem","position":2,"name":"Laurea Triennale","item":"https:\/\/productdesign.polimi.it\/it\/laurea-triennale\/"},{"@type":"ListItem","position":3,"name":"Portfolio","item":"https:\/\/productdesign.polimi.it\/it\/laurea-triennale\/portfolio\/"},{"@type":"ListItem","position":4,"name":"Miniso"}]},{"@type":"WebSite","@id":"https:\/\/productdesign.polimi.it\/it\/#website","url":"https:\/\/productdesign.polimi.it\/it\/","name":"BSc and MSc in Product Design","description":"Politecnico di Milano","potentialAction":[{"@type":"SearchAction","target":{"@type":"EntryPoint","urlTemplate":"https:\/\/productdesign.polimi.it\/it\/?s={search_term_string}"},"query-input":{"@type":"PropertyValueSpecification","valueRequired":true,"valueName":"search_term_string"}}],"inLanguage":"it-IT"}]}},"_links":{"self":[{"href":"https:\/\/productdesign.polimi.it\/it\/wp-json\/wp\/v2\/pages\/5698","targetHints":{"allow":["GET"]}}],"collection":[{"href":"https:\/\/productdesign.polimi.it\/it\/wp-json\/wp\/v2\/pages"}],"about":[{"href":"https:\/\/productdesign.polimi.it\/it\/wp-json\/wp\/v2\/types\/page"}],"author":[{"embeddable":true,"href":"https:\/\/productdesign.polimi.it\/it\/wp-json\/wp\/v2\/users\/9"}],"replies":[{"embeddable":true,"href":"https:\/\/productdesign.polimi.it\/it\/wp-json\/wp\/v2\/comments?post=5698"}],"version-history":[{"count":6,"href":"https:\/\/productdesign.polimi.it\/it\/wp-json\/wp\/v2\/pages\/5698\/revisions"}],"predecessor-version":[{"id":9191,"href":"https:\/\/productdesign.polimi.it\/it\/wp-json\/wp\/v2\/pages\/5698\/revisions\/9191"}],"up":[{"embeddable":true,"href":"https:\/\/productdesign.polimi.it\/it\/wp-json\/wp\/v2\/pages\/122"}],"wp:attachment":[{"href":"https:\/\/productdesign.polimi.it\/it\/wp-json\/wp\/v2\/media?parent=5698"}],"curies":[{"name":"wp","href":"https:\/\/api.w.org\/{rel}","templated":true}]}}