{"id":54,"date":"2017-03-31T10:11:46","date_gmt":"2017-03-31T10:11:46","guid":{"rendered":"http:\/\/productdesign.polimi.it\/?page_id=54"},"modified":"2017-12-14T11:13:40","modified_gmt":"2017-12-14T11:13:40","slug":"laurea-triennale","status":"publish","type":"page","link":"https:\/\/productdesign.polimi.it\/it\/laurea-triennale\/","title":{"rendered":"Laurea Triennale"},"content":{"rendered":"<p>[vc_row type=&#8221;full_width_background&#8221; full_screen_row_position=&#8221;middle&#8221; scene_position=&#8221;center&#8221; text_color=&#8221;light&#8221; text_align=&#8221;left&#8221; overlay_strength=&#8221;0.3&#8243;][vc_column column_padding=&#8221;no-extra-padding&#8221; column_padding_position=&#8221;all&#8221; background_color_opacity=&#8221;1&#8243; background_hover_color_opacity=&#8221;1&#8243; column_shadow=&#8221;none&#8221; width=&#8221;1\/1&#8243; tablet_text_alignment=&#8221;default&#8221; phone_text_alignment=&#8221;default&#8221; column_border_width=&#8221;none&#8221; column_border_style=&#8221;solid&#8221;][nectar_slider location=&#8221;Triennale&#8221; flexible_slider_height=&#8221;true&#8221; full_width=&#8221;true&#8221; overall_style=&#8221;classic&#8221; slider_transition=&#8221;slide&#8221; button_sizing=&#8221;regular&#8221; slider_height=&#8221;500&#8243; min_slider_height=&#8221;500&#8243;][\/vc_column][\/vc_row][vc_row type=&#8221;full_width_background&#8221; full_screen_row_position=&#8221;middle&#8221; scene_position=&#8221;center&#8221; text_color=&#8221;dark&#8221; text_align=&#8221;left&#8221; top_padding=&#8221;40&#8243; overlay_strength=&#8221;0.3&#8243;][vc_column column_padding=&#8221;padding-2-percent&#8221; column_padding_position=&#8221;right&#8221; background_color_opacity=&#8221;1&#8243; background_hover_color_opacity=&#8221;1&#8243; column_shadow=&#8221;none&#8221; width=&#8221;1\/4&#8243; tablet_text_alignment=&#8221;default&#8221; phone_text_alignment=&#8221;default&#8221; column_border_width=&#8221;none&#8221; column_border_style=&#8221;solid&#8221;][vc_column_text]<\/p>\n<h2 style=\"text-align: center;\">Overview<\/h2>\n<p>[\/vc_column_text][\/vc_column][vc_column column_padding=&#8221;no-extra-padding&#8221; column_padding_position=&#8221;all&#8221; background_color_opacity=&#8221;1&#8243; background_hover_color_opacity=&#8221;1&#8243; column_shadow=&#8221;none&#8221; width=&#8221;3\/4&#8243; tablet_text_alignment=&#8221;default&#8221; phone_text_alignment=&#8221;default&#8221; column_border_width=&#8221;none&#8221; column_border_style=&#8221;solid&#8221;][vc_column_text]Il <strong>Politecnico di Milano<\/strong>, una delle universit\u00e0 pi\u00f9 ricercate e primarie a livello mondiale, offre grandi opportunit\u00e0 per gli studenti che vogliono intraprendere la carriera di Designer del Prodotto.<\/p>\n<p>Il <strong>Corso Triennale in Design del Prodotto Industriale<\/strong>, infatti, permette ai futuri studenti di intraprendere la strada di alcuni dei pi\u00f9 grandi designer del mondo, fornendo le basi culturali e tecniche per ideare e sviluppare prodotti innovativi.<br \/>\nUna iniziale opportunit\u00e0 che consente di accrescere la propria creativit\u00e0 confrontandosi con una realt\u00e0 in continua crescita culturale e produttiva, seguendo un metodo di studio sempre pi\u00f9 aggiornato ma che rispecchia l\u2019impronta del grande design italiano.<\/p>\n<p>Chi consegue la Laurea in Design del Prodotto sar\u00e0 un vero e proprio tecnico del progetto: un professionista in grado di fornire supporto a tutte le attivit\u00e0 tecniche e progettuali che, dalla fase di ideazione, conducono alla fase di produzione e distribuzione del prodotto sul mercato.<\/p>\n<p>[button color=&#8221;extra-color-2&#8243; hover_text_color_override=&#8221;#fff&#8221; size=&#8221;large&#8221; url=&#8221;come-iscriversi&#8221; text=&#8221;Modalit\u00e0 di iscrizione&#8221; color_override=&#8221;&#8221; image=&#8221;fa-pencil&#8221;]\u00a0 [button color=&#8221;accent-color&#8221; hover_text_color_override=&#8221;#fff&#8221; size=&#8221;large&#8221; url=&#8221;http:\/\/productdesign.polimi.it\/laurea-triennale\/corso\/&#8221; text=&#8221;Il corso&#8221; color_override=&#8221;&#8221; image=&#8221;fa-graduation-cap&#8221;][\/vc_column_text][\/vc_column][\/vc_row][vc_row type=&#8221;full_width_content&#8221; full_screen_row_position=&#8221;middle&#8221; equal_height=&#8221;yes&#8221; content_placement=&#8221;middle&#8221; vertically_center_columns=&#8221;true&#8221; scene_position=&#8221;center&#8221; text_color=&#8221;light&#8221; text_align=&#8221;center&#8221; top_padding=&#8221;40&#8243; id=&#8221;disciplines&#8221; overlay_strength=&#8221;0.3&#8243;][vc_column column_padding=&#8221;no-extra-padding&#8221; column_padding_position=&#8221;right&#8221; background_color_opacity=&#8221;1&#8243; background_hover_color_opacity=&#8221;1&#8243; column_shadow=&#8221;none&#8221; width=&#8221;1\/1&#8243; tablet_text_alignment=&#8221;default&#8221; phone_text_alignment=&#8221;default&#8221; column_border_width=&#8221;none&#8221; column_border_style=&#8221;solid&#8221;][vc_row_inner equal_height=&#8221;yes&#8221; column_margin=&#8221;default&#8221; text_align=&#8221;left&#8221;][vc_column_inner column_padding=&#8221;no-extra-padding&#8221; column_padding_position=&#8221;all&#8221; background_color_opacity=&#8221;1&#8243; width=&#8221;1\/3&#8243; column_border_width=&#8221;none&#8221; column_border_style=&#8221;solid&#8221;][image_with_animation image_url=&#8221;159&#8243; alignment=&#8221;&#8221; animation=&#8221;Fade In&#8221; box_shadow=&#8221;none&#8221; max_width=&#8221;100%&#8221;][vc_column_text css=&#8221;.vc_custom_1504196934948{padding-top: 40px !important;padding-right: 40px !important;padding-bottom: 40px !important;padding-left: 40px !important;background-image: url(http:\/\/productdesign.polimi.it\/wp-content\/uploads\/2017\/03\/Bg-Blue.jpg?id=151) !important;}&#8221;]<\/p>\n<h1>281<\/h1>\n<h3>Studenti al primo anno<\/h3>\n<p>[divider line_type=&#8221;No Line&#8221; custom_height=&#8221;20&#8243;][button color=&#8221;extra-color-2&#8243; hover_text_color_override=&#8221;#fff&#8221; size=&#8221;medium&#8221; url=&#8221;http:\/\/productdesign.polimi.it\/laurea-triennale\/portfolio\/&#8221; text=&#8221;Guarda i progetti&#8221; color_override=&#8221;&#8221;][\/vc_column_text][\/vc_column_inner][vc_column_inner column_padding=&#8221;no-extra-padding&#8221; column_padding_position=&#8221;all&#8221; background_color_opacity=&#8221;1&#8243; width=&#8221;1\/3&#8243; column_border_width=&#8221;none&#8221; column_border_style=&#8221;solid&#8221;][image_with_animation image_url=&#8221;160&#8243; alignment=&#8221;&#8221; animation=&#8221;Fade In&#8221; box_shadow=&#8221;none&#8221; max_width=&#8221;100%&#8221;][vc_column_text css=&#8221;.vc_custom_1504196952914{padding-top: 40px !important;padding-right: 40px !important;padding-bottom: 40px !important;padding-left: 40px !important;background-image: url(http:\/\/productdesign.polimi.it\/wp-content\/uploads\/2017\/03\/Bg-Blue.jpg?id=151) !important;}&#8221;]<\/p>\n<h1>842<\/h1>\n<h3>Totale Iscritti<\/h3>\n<p>[divider line_type=&#8221;No Line&#8221; custom_height=&#8221;20&#8243;][button color=&#8221;extra-color-2&#8243; hover_text_color_override=&#8221;#fff&#8221; size=&#8221;medium&#8221; url=&#8221;http:\/\/productdesign.polimi.it\/laurea-triennale\/corso\/&#8221; text=&#8221;Tutti i dettagli sul Corso&#8221; color_override=&#8221;&#8221;][\/vc_column_text][\/vc_column_inner][vc_column_inner column_padding=&#8221;no-extra-padding&#8221; column_padding_position=&#8221;all&#8221; background_color_opacity=&#8221;1&#8243; width=&#8221;1\/3&#8243; column_border_width=&#8221;none&#8221; column_border_style=&#8221;solid&#8221;][image_with_animation image_url=&#8221;161&#8243; alignment=&#8221;&#8221; animation=&#8221;Fade In&#8221; box_shadow=&#8221;none&#8221; max_width=&#8221;100%&#8221;][vc_column_text css=&#8221;.vc_custom_1504197030003{padding-top: 40px !important;padding-right: 40px !important;padding-bottom: 40px !important;padding-left: 40px !important;background-image: url(http:\/\/productdesign.polimi.it\/wp-content\/uploads\/2017\/03\/Bg-Blue.jpg?id=151) !important;}&#8221;]<\/p>\n<h1>80<\/h1>\n<h3>professori<\/h3>\n<p>[divider line_type=&#8221;No Line&#8221; custom_height=&#8221;20&#8243;][button color=&#8221;extra-color-2&#8243; hover_text_color_override=&#8221;#fff&#8221; size=&#8221;medium&#8221; url=&#8221;http:\/\/productdesign.polimi.it\/laurea-triennale\/la-faculty\/&#8221; text=&#8221;Scopri la Faculty&#8221; color_override=&#8221;&#8221;][\/vc_column_text][\/vc_column_inner][\/vc_row_inner][vc_column_text]Ref. A.A. 2016-2017[\/vc_column_text][\/vc_column][\/vc_row][vc_row type=&#8221;full_width_background&#8221; full_screen_row_position=&#8221;middle&#8221; scene_position=&#8221;center&#8221; text_color=&#8221;dark&#8221; text_align=&#8221;left&#8221; top_padding=&#8221;40&#8243; bottom_padding=&#8221;40&#8243; overlay_strength=&#8221;0.3&#8243;][vc_column column_padding=&#8221;no-extra-padding&#8221; column_padding_position=&#8221;all&#8221; background_color_opacity=&#8221;1&#8243; background_hover_color_opacity=&#8221;1&#8243; column_shadow=&#8221;none&#8221; width=&#8221;1\/1&#8243; tablet_text_alignment=&#8221;default&#8221; phone_text_alignment=&#8221;default&#8221; column_border_width=&#8221;none&#8221; column_border_style=&#8221;solid&#8221;][vc_column_text css_animation=&#8221;fadeIn&#8221; css=&#8221;.vc_custom_1490980239283{margin-bottom: 20px !important;}&#8221;]<\/p>\n<h2 style=\"text-align: center;\">Ultime news<\/h2>\n<p>[\/vc_column_text][nectar_blog layout=&#8221;masonry-blog-fullwidth&#8221; category=&#8221;laurea-triennale&#8221; load_in_animation=&#8221;none&#8221; posts_per_page=&#8221;3&#8243;][\/vc_column][\/vc_row][vc_row type=&#8221;full_width_background&#8221; full_screen_row_position=&#8221;middle&#8221; scene_position=&#8221;center&#8221; text_color=&#8221;dark&#8221; text_align=&#8221;center&#8221; bottom_padding=&#8221;40&#8243; overlay_strength=&#8221;0.3&#8243;][vc_column column_padding=&#8221;no-extra-padding&#8221; column_padding_position=&#8221;all&#8221; background_color_opacity=&#8221;1&#8243; background_hover_color_opacity=&#8221;1&#8243; column_shadow=&#8221;none&#8221; width=&#8221;1\/1&#8243; tablet_text_alignment=&#8221;default&#8221; phone_text_alignment=&#8221;default&#8221; column_border_width=&#8221;none&#8221; column_border_style=&#8221;solid&#8221;][nectar_btn size=&#8221;large&#8221; open_new_tab=&#8221;true&#8221; button_style=&#8221;regular&#8221; button_color_2=&#8221;Extra-Color-2&#8243; icon_family=&#8221;none&#8221; url=&#8221;http:\/\/productdesign.polimi.it\/category\/laurea-triennale\/&#8221; text=&#8221;Leggi tutto&#8221;][\/vc_column][\/vc_row][vc_row type=&#8221;full_width_background&#8221; full_screen_row_position=&#8221;middle&#8221; bg_image=&#8221;147&#8243; bg_position=&#8221;left top&#8221; bg_repeat=&#8221;no-repeat&#8221; scene_position=&#8221;center&#8221; text_color=&#8221;light&#8221; text_align=&#8221;center&#8221; top_padding=&#8221;40&#8243; bottom_padding=&#8221;40&#8243; id=&#8221;disciplines&#8221; overlay_strength=&#8221;0.3&#8243;][vc_column column_padding=&#8221;no-extra-padding&#8221; column_padding_position=&#8221;right&#8221; background_color_opacity=&#8221;1&#8243; background_hover_color_opacity=&#8221;1&#8243; column_shadow=&#8221;none&#8221; width=&#8221;1\/1&#8243; tablet_text_alignment=&#8221;default&#8221; phone_text_alignment=&#8221;default&#8221; column_border_width=&#8221;none&#8221; column_border_style=&#8221;solid&#8221;][vc_column_text css=&#8221;.vc_custom_1504348253091{margin-bottom: 40px !important;}&#8221;]<\/p>\n<h2>Per maggiori informazioni:<\/h2>\n<p>[\/vc_column_text][nectar_btn size=&#8221;large&#8221; open_new_tab=&#8221;true&#8221; button_style=&#8221;see-through-2&#8243; hover_color_override=&#8221;#d4005a&#8221; hover_text_color_override=&#8221;#ffffff&#8221; icon_family=&#8221;none&#8221; url=&#8221;http:\/\/productdesign.polimi.it\/contatti\/&#8221; text=&#8221;Contattaci&#8221;][\/vc_column][\/vc_row]<\/p>\n","protected":false},"excerpt":{"rendered":"<p>[vc_row type=&#8221;full_width_background&#8221; full_screen_row_position=&#8221;middle&#8221; scene_position=&#8221;center&#8221; text_color=&#8221;light&#8221; text_align=&#8221;left&#8221; overlay_strength=&#8221;0.3&#8243;][vc_column column_padding=&#8221;no-extra-padding&#8221; column_padding_position=&#8221;all&#8221; background_color_opacity=&#8221;1&#8243; background_hover_color_opacity=&#8221;1&#8243; column_shadow=&#8221;none&#8221; width=&#8221;1\/1&#8243; tablet_text_alignment=&#8221;default&#8221; phone_text_alignment=&#8221;default&#8221; column_border_width=&#8221;none&#8221; column_border_style=&#8221;solid&#8221;][nectar_slider location=&#8221;Triennale&#8221; flexible_slider_height=&#8221;true&#8221; full_width=&#8221;true&#8221; overall_style=&#8221;classic&#8221; slider_transition=&#8221;slide&#8221; button_sizing=&#8221;regular&#8221; slider_height=&#8221;500&#8243; min_slider_height=&#8221;500&#8243;][\/vc_column][\/vc_row][vc_row type=&#8221;full_width_background&#8221; full_screen_row_position=&#8221;middle&#8221; scene_position=&#8221;center&#8221; text_color=&#8221;dark&#8221; text_align=&#8221;left&#8221; top_padding=&#8221;40&#8243; overlay_strength=&#8221;0.3&#8243;][vc_column column_padding=&#8221;padding-2-percent&#8221; column_padding_position=&#8221;right&#8221; background_color_opacity=&#8221;1&#8243; background_hover_color_opacity=&#8221;1&#8243; column_shadow=&#8221;none&#8221; width=&#8221;1\/4&#8243; tablet_text_alignment=&#8221;default&#8221; phone_text_alignment=&#8221;default&#8221; column_border_width=&#8221;none&#8221; column_border_style=&#8221;solid&#8221;][vc_column_text] Overview [\/vc_column_text][\/vc_column][vc_column column_padding=&#8221;no-extra-padding&#8221; column_padding_position=&#8221;all&#8221; background_color_opacity=&#8221;1&#8243; background_hover_color_opacity=&#8221;1&#8243; column_shadow=&#8221;none&#8221; width=&#8221;3\/4&#8243; tablet_text_alignment=&#8221;default&#8221; phone_text_alignment=&#8221;default&#8221; column_border_width=&#8221;none&#8221; column_border_style=&#8221;solid&#8221;][vc_column_text]Il Politecnico [&hellip;]<\/p>\n","protected":false},"author":5,"featured_media":0,"parent":0,"menu_order":0,"comment_status":"closed","ping_status":"closed","template":"","meta":{"polimi_quick_links":[],"pageTitleSection_supertitle":"","pageTitleSection_subtitle":"","footnotes":""},"class_list":["post-54","page","type-page","status-publish","hentry"],"yoast_head":"<!-- This site is optimized with the Yoast SEO plugin v27.4 - https:\/\/yoast.com\/product\/yoast-seo-wordpress\/ -->\n<title>Laurea Triennale - BSc and MSc in Product Design<\/title>\n<meta name=\"description\" content=\"Il Corso Triennale in Design del Prodotto Industriale permette ai futuri studenti di intraprendere la strada di alcuni dei pi\u00f9 grandi designer del mondo.\" \/>\n<meta name=\"robots\" content=\"index, follow, max-snippet:-1, max-image-preview:large, max-video-preview:-1\" \/>\n<link rel=\"canonical\" href=\"https:\/\/productdesign.polimi.it\/it\/laurea-triennale\/\" \/>\n<meta property=\"og:locale\" content=\"it_IT\" \/>\n<meta property=\"og:type\" content=\"article\" \/>\n<meta property=\"og:title\" content=\"Laurea Triennale - BSc and MSc in Product Design\" \/>\n<meta property=\"og:description\" content=\"Il Corso Triennale in Design del Prodotto Industriale permette ai futuri studenti di intraprendere la strada di alcuni dei pi\u00f9 grandi designer del mondo.\" \/>\n<meta property=\"og:url\" content=\"https:\/\/productdesign.polimi.it\/it\/laurea-triennale\/\" \/>\n<meta property=\"og:site_name\" content=\"BSc and MSc in Product Design\" \/>\n<meta property=\"article:modified_time\" content=\"2017-12-14T11:13:40+00:00\" \/>\n<meta name=\"twitter:card\" content=\"summary_large_image\" \/>\n<meta name=\"twitter:label1\" content=\"Tempo di lettura stimato\" \/>\n\t<meta name=\"twitter:data1\" content=\"6 minuti\" \/>\n<script type=\"application\/ld+json\" class=\"yoast-schema-graph\">{\"@context\":\"https:\\\/\\\/schema.org\",\"@graph\":[{\"@type\":\"WebPage\",\"@id\":\"https:\\\/\\\/productdesign.polimi.it\\\/it\\\/laurea-triennale\\\/\",\"url\":\"https:\\\/\\\/productdesign.polimi.it\\\/it\\\/laurea-triennale\\\/\",\"name\":\"Laurea Triennale - BSc and MSc in Product Design\",\"isPartOf\":{\"@id\":\"https:\\\/\\\/productdesign.polimi.it\\\/it\\\/#website\"},\"datePublished\":\"2017-03-31T10:11:46+00:00\",\"dateModified\":\"2017-12-14T11:13:40+00:00\",\"description\":\"Il Corso Triennale in Design del Prodotto Industriale permette ai futuri studenti di intraprendere la strada di alcuni dei pi\u00f9 grandi designer del mondo.\",\"breadcrumb\":{\"@id\":\"https:\\\/\\\/productdesign.polimi.it\\\/it\\\/laurea-triennale\\\/#breadcrumb\"},\"inLanguage\":\"it-IT\",\"potentialAction\":[{\"@type\":\"ReadAction\",\"target\":[\"https:\\\/\\\/productdesign.polimi.it\\\/it\\\/laurea-triennale\\\/\"]}]},{\"@type\":\"BreadcrumbList\",\"@id\":\"https:\\\/\\\/productdesign.polimi.it\\\/it\\\/laurea-triennale\\\/#breadcrumb\",\"itemListElement\":[{\"@type\":\"ListItem\",\"position\":1,\"name\":\"Home\",\"item\":\"https:\\\/\\\/productdesign.polimi.it\\\/it\\\/\"},{\"@type\":\"ListItem\",\"position\":2,\"name\":\"Laurea Triennale\"}]},{\"@type\":\"WebSite\",\"@id\":\"https:\\\/\\\/productdesign.polimi.it\\\/it\\\/#website\",\"url\":\"https:\\\/\\\/productdesign.polimi.it\\\/it\\\/\",\"name\":\"BSc and MSc in Product Design\",\"description\":\"Politecnico di Milano\",\"potentialAction\":[{\"@type\":\"SearchAction\",\"target\":{\"@type\":\"EntryPoint\",\"urlTemplate\":\"https:\\\/\\\/productdesign.polimi.it\\\/it\\\/?s={search_term_string}\"},\"query-input\":{\"@type\":\"PropertyValueSpecification\",\"valueRequired\":true,\"valueName\":\"search_term_string\"}}],\"inLanguage\":\"it-IT\"}]}<\/script>\n<!-- \/ Yoast SEO plugin. -->","yoast_head_json":{"title":"Laurea Triennale - BSc and MSc in Product Design","description":"Il Corso Triennale in Design del Prodotto Industriale permette ai futuri studenti di intraprendere la strada di alcuni dei pi\u00f9 grandi designer del mondo.","robots":{"index":"index","follow":"follow","max-snippet":"max-snippet:-1","max-image-preview":"max-image-preview:large","max-video-preview":"max-video-preview:-1"},"canonical":"https:\/\/productdesign.polimi.it\/it\/laurea-triennale\/","og_locale":"it_IT","og_type":"article","og_title":"Laurea Triennale - BSc and MSc in Product Design","og_description":"Il Corso Triennale in Design del Prodotto Industriale permette ai futuri studenti di intraprendere la strada di alcuni dei pi\u00f9 grandi designer del mondo.","og_url":"https:\/\/productdesign.polimi.it\/it\/laurea-triennale\/","og_site_name":"BSc and MSc in Product Design","article_modified_time":"2017-12-14T11:13:40+00:00","twitter_card":"summary_large_image","twitter_misc":{"Tempo di lettura stimato":"6 minuti"},"schema":{"@context":"https:\/\/schema.org","@graph":[{"@type":"WebPage","@id":"https:\/\/productdesign.polimi.it\/it\/laurea-triennale\/","url":"https:\/\/productdesign.polimi.it\/it\/laurea-triennale\/","name":"Laurea Triennale - BSc and MSc in Product Design","isPartOf":{"@id":"https:\/\/productdesign.polimi.it\/it\/#website"},"datePublished":"2017-03-31T10:11:46+00:00","dateModified":"2017-12-14T11:13:40+00:00","description":"Il Corso Triennale in Design del Prodotto Industriale permette ai futuri studenti di intraprendere la strada di alcuni dei pi\u00f9 grandi designer del mondo.","breadcrumb":{"@id":"https:\/\/productdesign.polimi.it\/it\/laurea-triennale\/#breadcrumb"},"inLanguage":"it-IT","potentialAction":[{"@type":"ReadAction","target":["https:\/\/productdesign.polimi.it\/it\/laurea-triennale\/"]}]},{"@type":"BreadcrumbList","@id":"https:\/\/productdesign.polimi.it\/it\/laurea-triennale\/#breadcrumb","itemListElement":[{"@type":"ListItem","position":1,"name":"Home","item":"https:\/\/productdesign.polimi.it\/it\/"},{"@type":"ListItem","position":2,"name":"Laurea Triennale"}]},{"@type":"WebSite","@id":"https:\/\/productdesign.polimi.it\/it\/#website","url":"https:\/\/productdesign.polimi.it\/it\/","name":"BSc and MSc in Product Design","description":"Politecnico di Milano","potentialAction":[{"@type":"SearchAction","target":{"@type":"EntryPoint","urlTemplate":"https:\/\/productdesign.polimi.it\/it\/?s={search_term_string}"},"query-input":{"@type":"PropertyValueSpecification","valueRequired":true,"valueName":"search_term_string"}}],"inLanguage":"it-IT"}]}},"_links":{"self":[{"href":"https:\/\/productdesign.polimi.it\/it\/wp-json\/wp\/v2\/pages\/54","targetHints":{"allow":["GET"]}}],"collection":[{"href":"https:\/\/productdesign.polimi.it\/it\/wp-json\/wp\/v2\/pages"}],"about":[{"href":"https:\/\/productdesign.polimi.it\/it\/wp-json\/wp\/v2\/types\/page"}],"author":[{"embeddable":true,"href":"https:\/\/productdesign.polimi.it\/it\/wp-json\/wp\/v2\/users\/5"}],"replies":[{"embeddable":true,"href":"https:\/\/productdesign.polimi.it\/it\/wp-json\/wp\/v2\/comments?post=54"}],"version-history":[{"count":38,"href":"https:\/\/productdesign.polimi.it\/it\/wp-json\/wp\/v2\/pages\/54\/revisions"}],"predecessor-version":[{"id":2022,"href":"https:\/\/productdesign.polimi.it\/it\/wp-json\/wp\/v2\/pages\/54\/revisions\/2022"}],"wp:attachment":[{"href":"https:\/\/productdesign.polimi.it\/it\/wp-json\/wp\/v2\/media?parent=54"}],"curies":[{"name":"wp","href":"https:\/\/api.w.org\/{rel}","templated":true}]}}